{"id":148,"date":"2021-09-01T20:14:41","date_gmt":"2021-09-01T23:14:41","guid":{"rendered":"https:\/\/observatoriodopopulismo.com\/presentacion\/"},"modified":"2021-11-04T13:48:24","modified_gmt":"2021-11-04T16:48:24","slug":"presentacion","status":"publish","type":"page","link":"https:\/\/observatoriodopopulismo.com\/es\/presentacion\/","title":{"rendered":"Presentaci\u00f3n"},"content":{"rendered":"<h2 style=\"text-align: justify;\">Observat\u00f3rio do Populismo do S\u00e9culo XXI<\/h2>\n<p style=\"text-align: justify;\">El Observatorio del Populismo del Siglo XXI fue creado en 2020 por las investigadoras\u00a0Liziane Guazina (Universidad de Bras\u00edlia), Isabel Ferin Cunha (Universidad de\u00a0Coimbra\/ICNOVA) e Ana Cabrera (Universidad Nova de Lisboa\/IHC) y el investigador\u00a0Bruno Ara\u00fajo (Universidade Federal do Mato Grosso), y se constituye un grupo de\u00a0investigaci\u00f3n inscrito en el Directorio de Grupos de Investigaci\u00f3n del CNPq en Brasil, que\u00a0congrega a investigadores de nacionalidades brasile\u00f1as, portuguesas y de otras\u00a0interesadas en estudiar el surgimiento reciente y reconfigurado del fen\u00f3meno del\u00a0populismo desde sus relaciones con los medios en diferentes pa\u00edses.<\/p>\n<p style=\"text-align: justify;\">El Observatorio del Populismo del Siglo XXI pretende consolidarse como un referente en\u00a0el estudio del populismo, recopilando, registrando y valorando cr\u00edticamente fuentes de\u00a0informaci\u00f3n y trabajos acad\u00e9micos sobre el tema. En defensa de la democracia y la\u00a0ciudadan\u00eda, el Observatorio pretende movilizar a la ciudadan\u00eda en general y a los\u00a0investigadores en particular, promoviendo conferencias, coloquios, seminarios y otras\u00a0actividades de investigaci\u00f3n y sensibilizaci\u00f3n ciudadana.<\/p>\n<p style=\"text-align: justify;\">El Grupo de Investigaci\u00f3n desarrolla proyectos de investigaci\u00f3n consagrados a\u00a0comprender los nuevos populismos emergentes en Brasil, Portugal, Italia, entre otros\u00a0pa\u00edses, tutelado por los amplios aportes te\u00f3ricos y conceptuales de la Comunicaci\u00f3n\u00a0Pol\u00edtica. El objetivo no es solo contribuir al fortalecimiento de las pr\u00e1cticas democr\u00e1ticas\u00a0y ciudadanas, sino tambi\u00e9n, reflexionar sobre el funcionamiento de las estrategias de\u00a0comunicaci\u00f3n y participaci\u00f3n populistas en contextos y ecosistemas de los nuevos<br \/>\nmedios.<\/p>\n<p style=\"text-align: justify;\">Actualmente, el grupo integra 7 investigadores doctorados, 3 investigadores con grado\u00a0de maestr\u00eda, 2 estudiantes de doctorado, 2 estudiantes de maestr\u00eda y 2 estudiantes de\u00a0pregrado.<\/p>\n","protected":false},"excerpt":{"rendered":"<p>Observat\u00f3rio do Populismo do S\u00e9culo XXI El Observatorio del Populismo del Siglo XXI fue creado en 2020 por las investigadoras\u00a0Liziane Guazina (Universidad de [&hellip;]<\/p>\n","protected":false},"author":1,"featured_media":331,"parent":0,"menu_order":0,"comment_status":"closed","ping_status":"closed","template":"","meta":{"_monsterinsights_skip_tracking":false,"_monsterinsights_sitenote_active":false,"_monsterinsights_sitenote_note":"","_monsterinsights_sitenote_category":0},"yoast_head":"<!-- This site is optimized with the Yoast SEO plugin v17.6 - https:\/\/yoast.com\/wordpress\/plugins\/seo\/ -->\n<meta name=\"robots\" content=\"index, follow, max-snippet:-1, max-image-preview:large, max-video-preview:-1\" \/>\n<link rel=\"canonical\" href=\"https:\/\/observatoriodopopulismo.com\/es\/presentacion\/\" \/>\n<meta name=\"twitter:label1\" content=\"Tiempo de lectura\" \/>\n\t<meta name=\"twitter:data1\" content=\"2 minutos\" \/>\n<script type=\"application\/ld+json\" class=\"yoast-schema-graph\">{\"@context\":\"https:\/\/schema.org\",\"@graph\":[{\"@type\":\"WebSite\",\"@id\":\"https:\/\/observatoriodopopulismo.com\/#website\",\"url\":\"https:\/\/observatoriodopopulismo.com\/\",\"name\":\"Observat\\u00f3rio do Populismo do S\\u00e9culo XXI\",\"description\":\"Centro de estudo do fen\\u00f4meno do populismo a partir de suas rela\\u00e7\\u00f5es midi\\u00e1ticas em diferentes pa\\u00edses\",\"potentialAction\":[{\"@type\":\"SearchAction\",\"target\":{\"@type\":\"EntryPoint\",\"urlTemplate\":\"https:\/\/observatoriodopopulismo.com\/?s={search_term_string}\"},\"query-input\":\"required name=search_term_string\"}],\"inLanguage\":\"es\"},{\"@type\":\"ImageObject\",\"@id\":\"https:\/\/observatoriodopopulismo.com\/es\/presentacion\/#primaryimage\",\"inLanguage\":\"es\",\"url\":\"https:\/\/observatoriodopopulismo.com\/wp-content\/uploads\/2021\/10\/BBVA-OpenMind-Perplejidad-Muller-4.jpg\",\"contentUrl\":\"https:\/\/observatoriodopopulismo.com\/wp-content\/uploads\/2021\/10\/BBVA-OpenMind-Perplejidad-Muller-4.jpg\",\"width\":1755,\"height\":600},{\"@type\":\"WebPage\",\"@id\":\"https:\/\/observatoriodopopulismo.com\/es\/presentacion\/#webpage\",\"url\":\"https:\/\/observatoriodopopulismo.com\/es\/presentacion\/\",\"name\":\"Presentaci\\u00f3n - Observat\\u00f3rio do Populismo do S\\u00e9culo XXI\",\"isPartOf\":{\"@id\":\"https:\/\/observatoriodopopulismo.com\/#website\"},\"primaryImageOfPage\":{\"@id\":\"https:\/\/observatoriodopopulismo.com\/es\/presentacion\/#primaryimage\"},\"datePublished\":\"2021-09-01T23:14:41+00:00\",\"dateModified\":\"2021-11-04T16:48:24+00:00\",\"breadcrumb\":{\"@id\":\"https:\/\/observatoriodopopulismo.com\/es\/presentacion\/#breadcrumb\"},\"inLanguage\":\"es\",\"potentialAction\":[{\"@type\":\"ReadAction\",\"target\":[\"https:\/\/observatoriodopopulismo.com\/es\/presentacion\/\"]}]},{\"@type\":\"BreadcrumbList\",\"@id\":\"https:\/\/observatoriodopopulismo.com\/es\/presentacion\/#breadcrumb\",\"itemListElement\":[{\"@type\":\"ListItem\",\"position\":1,\"name\":\"Home\",\"item\":\"https:\/\/observatoriodopopulismo.com\/es\/\"},{\"@type\":\"ListItem\",\"position\":2,\"name\":\"Presentaci\\u00f3n\"}]}]}<\/script>\n<!-- \/ Yoast SEO plugin. -->","yoast_head_json":{"robots":{"index":"index","follow":"follow","max-snippet":"max-snippet:-1","max-image-preview":"max-image-preview:large","max-video-preview":"max-video-preview:-1"},"canonical":"https:\/\/observatoriodopopulismo.com\/es\/presentacion\/","twitter_misc":{"Tiempo de lectura":"2 minutos"},"schema":{"@context":"https:\/\/schema.org","@graph":[{"@type":"WebSite","@id":"https:\/\/observatoriodopopulismo.com\/#website","url":"https:\/\/observatoriodopopulismo.com\/","name":"Observat\u00f3rio do Populismo do S\u00e9culo XXI","description":"Centro de estudo do fen\u00f4meno do populismo a partir de suas rela\u00e7\u00f5es midi\u00e1ticas em diferentes pa\u00edses","potentialAction":[{"@type":"SearchAction","target":{"@type":"EntryPoint","urlTemplate":"https:\/\/observatoriodopopulismo.com\/?s={search_term_string}"},"query-input":"required name=search_term_string"}],"inLanguage":"es"},{"@type":"ImageObject","@id":"https:\/\/observatoriodopopulismo.com\/es\/presentacion\/#primaryimage","inLanguage":"es","url":"https:\/\/observatoriodopopulismo.com\/wp-content\/uploads\/2021\/10\/BBVA-OpenMind-Perplejidad-Muller-4.jpg","contentUrl":"https:\/\/observatoriodopopulismo.com\/wp-content\/uploads\/2021\/10\/BBVA-OpenMind-Perplejidad-Muller-4.jpg","width":1755,"height":600},{"@type":"WebPage","@id":"https:\/\/observatoriodopopulismo.com\/es\/presentacion\/#webpage","url":"https:\/\/observatoriodopopulismo.com\/es\/presentacion\/","name":"Presentaci\u00f3n - Observat\u00f3rio do Populismo do S\u00e9culo XXI","isPartOf":{"@id":"https:\/\/observatoriodopopulismo.com\/#website"},"primaryImageOfPage":{"@id":"https:\/\/observatoriodopopulismo.com\/es\/presentacion\/#primaryimage"},"datePublished":"2021-09-01T23:14:41+00:00","dateModified":"2021-11-04T16:48:24+00:00","breadcrumb":{"@id":"https:\/\/observatoriodopopulismo.com\/es\/presentacion\/#breadcrumb"},"inLanguage":"es","potentialAction":[{"@type":"ReadAction","target":["https:\/\/observatoriodopopulismo.com\/es\/presentacion\/"]}]},{"@type":"BreadcrumbList","@id":"https:\/\/observatoriodopopulismo.com\/es\/presentacion\/#breadcrumb","itemListElement":[{"@type":"ListItem","position":1,"name":"Home","item":"https:\/\/observatoriodopopulismo.com\/es\/"},{"@type":"ListItem","position":2,"name":"Presentaci\u00f3n"}]}]}},"_links":{"self":[{"href":"https:\/\/observatoriodopopulismo.com\/es\/wp-json\/wp\/v2\/pages\/148"}],"collection":[{"href":"https:\/\/observatoriodopopulismo.com\/es\/wp-json\/wp\/v2\/pages"}],"about":[{"href":"https:\/\/observatoriodopopulismo.com\/es\/wp-json\/wp\/v2\/types\/page"}],"author":[{"embeddable":true,"href":"https:\/\/observatoriodopopulismo.com\/es\/wp-json\/wp\/v2\/users\/1"}],"replies":[{"embeddable":true,"href":"https:\/\/observatoriodopopulismo.com\/es\/wp-json\/wp\/v2\/comments?post=148"}],"version-history":[{"count":17,"href":"https:\/\/observatoriodopopulismo.com\/es\/wp-json\/wp\/v2\/pages\/148\/revisions"}],"predecessor-version":[{"id":1942,"href":"https:\/\/observatoriodopopulismo.com\/es\/wp-json\/wp\/v2\/pages\/148\/revisions\/1942"}],"wp:featuredmedia":[{"embeddable":true,"href":"https:\/\/observatoriodopopulismo.com\/es\/wp-json\/wp\/v2\/media\/331"}],"wp:attachment":[{"href":"https:\/\/observatoriodopopulismo.com\/es\/wp-json\/wp\/v2\/media?parent=148"}],"curies":[{"name":"wp","href":"https:\/\/api.w.org\/{rel}","templated":true}]}}