{"id":147,"date":"2021-09-01T20:11:26","date_gmt":"2021-09-01T23:11:26","guid":{"rendered":"https:\/\/observatoriodopopulismo.com\/lineas-de-investigacion\/populismo-y-genero\/"},"modified":"2021-11-02T19:07:27","modified_gmt":"2021-11-02T22:07:27","slug":"populismo-y-genero","status":"publish","type":"page","link":"https:\/\/observatoriodopopulismo.com\/es\/lineas-de-investigacion\/populismo-y-genero\/","title":{"rendered":"Populismo y g\u00e9nero"},"content":{"rendered":"\t\t<div data-elementor-type=\"wp-page\" data-elementor-id=\"147\" class=\"elementor elementor-147 elementor-72\" data-elementor-settings=\"[]\">\n\t\t\t\t\t\t\t<div class=\"elementor-section-wrap\">\n\t\t\t\t\t\t\t<section class=\"elementor-section elementor-top-section elementor-element elementor-element-9599ba1 elementor-section-boxed elementor-section-height-default elementor-section-height-default\" data-id=\"9599ba1\" data-element_type=\"section\">\n\t\t\t\t\t\t<div class=\"elementor-container elementor-column-gap-default\">\n\t\t\t\t\t<div class=\"elementor-column elementor-col-100 elementor-top-column elementor-element elementor-element-b56da81\" data-id=\"b56da81\" data-element_type=\"column\">\n\t\t\t<div class=\"elementor-widget-wrap elementor-element-populated\">\n\t\t\t\t\t\t\t\t<div class=\"elementor-element elementor-element-d4d041a elementor-widget elementor-widget-heading\" data-id=\"d4d041a\" data-element_type=\"widget\" data-widget_type=\"heading.default\">\n\t\t\t\t<div class=\"elementor-widget-container\">\n\t\t\t<h2 class=\"elementor-heading-title elementor-size-default\">L\u00ednea de investigaci\u00f3n: Populismo y g\u00e9nero<\/h2>\t\t<\/div>\n\t\t\t\t<\/div>\n\t\t\t\t\t<\/div>\n\t\t<\/div>\n\t\t\t\t\t\t\t<\/div>\n\t\t<\/section>\n\t\t\t\t<section class=\"elementor-section elementor-top-section elementor-element elementor-element-af71bdf elementor-section-boxed elementor-section-height-default elementor-section-height-default\" data-id=\"af71bdf\" data-element_type=\"section\">\n\t\t\t\t\t\t<div class=\"elementor-container elementor-column-gap-default\">\n\t\t\t\t\t<div class=\"elementor-column elementor-col-100 elementor-top-column elementor-element elementor-element-f3838f2\" data-id=\"f3838f2\" data-element_type=\"column\">\n\t\t\t<div class=\"elementor-widget-wrap elementor-element-populated\">\n\t\t\t\t\t\t\t\t<div class=\"elementor-element elementor-element-0f05733 elementor-widget elementor-widget-text-editor\" data-id=\"0f05733\" data-element_type=\"widget\" data-widget_type=\"text-editor.default\">\n\t\t\t\t<div class=\"elementor-widget-container\">\n\t\t\t\t\t\t\t<div>\n<p class=\"text-justify\"><span lang=\"ES-TRAD\">Al inicio de 2021, cuando la pandemia SARS-COVID19 cumpli\u00f3 un a\u00f1o de circulaci\u00f3n, informes internacionales y nacionales denunciaron que las desigualdades aumentaron, no solo entre pa\u00edses sino tambi\u00e9n dentro de cada pa\u00eds. Sin embargo, existe un consenso al se\u00f1alar que la carga social y econ\u00f3mica de la enfermedad fue, y es, soportada principalmente por las mujeres, confinada al hogar.&nbsp;<\/span><\/p><p class=\"text-justify\"><span lang=\"ES-TRAD\">El aumento del desempleo, los recortes salariales y la imposibilidad de conciliar el teletrabajo con la vida dom\u00e9stica se registraron, sobre todo, entre las mujeres j\u00f3venes y las madres. Adem\u00e1s de estos datos, aumentaron los informes de violencia dom\u00e9stica contra mujeres, ni\u00f1os y ancianos. La pandemia aparece, as\u00ed, como un fen\u00f3meno que ha hecho retroceder, durante al menos una d\u00e9cada, los logros de las mujeres, sus garant\u00edas y libertades civiles.&nbsp;<\/span><\/p><p class=\"text-justify\"><span lang=\"ES-TRAD\">A esta realidad se suman las violaciones a la libertad y la orientaci\u00f3n sexual, con innumerables pa\u00edses aprovechando las restricciones impuestas por la pandemia, para volver a crear obst\u00e1culos a la interrupci\u00f3n voluntaria del embarazo y extender las restricciones a los derechos LGBT, restringiendo derechos y libertades y aumentando violencia contra estos grupos, como est\u00e1 sucediendo en Polonia y Hungr\u00eda. En otro sentido, se observa que la pandemia destaco, en muchos pa\u00edses, mujeres que desempe\u00f1an roles pol\u00edticos y cient\u00edficos singulares, como Jacinda Ardern, presidenta de Nueva Zelanda.<\/span><\/p>\n<\/div>\n<div>\n<p class=\"text-justify\"><span lang=\"ES-TRAD\">Esta l\u00ednea de investigaci\u00f3n incluye todos los trabajos y proyectos que tienen como objetivo analizar la problem\u00e1tica de g\u00e9nero en el contexto de una pandemia.<\/span><\/p>\n<\/div>\n<div>\n<p class=\"text-justify\"><span lang=\"ES-TRAD\">&nbsp;<\/span><\/p>\n<\/div>\t\t\t\t\t\t<\/div>\n\t\t\t\t<\/div>\n\t\t\t\t\t<\/div>\n\t\t<\/div>\n\t\t\t\t\t\t\t<\/div>\n\t\t<\/section>\n\t\t\t\t\t\t<\/div>\n\t\t\t\t\t<\/div>\n\t\t","protected":false},"excerpt":{"rendered":"<p>L\u00ednea de investigaci\u00f3n: Populismo y g\u00e9nero Al inicio de 2021, cuando la pandemia SARS-COVID19 cumpli\u00f3 un a\u00f1o de circulaci\u00f3n, informes internacionales y nacionales [&hellip;]<\/p>\n","protected":false},"author":1,"featured_media":331,"parent":144,"menu_order":0,"comment_status":"closed","ping_status":"closed","template":"","meta":{"_monsterinsights_skip_tracking":false,"_monsterinsights_sitenote_active":false,"_monsterinsights_sitenote_note":"","_monsterinsights_sitenote_category":0},"yoast_head":"<!-- This site is optimized with the Yoast SEO plugin v17.6 - https:\/\/yoast.com\/wordpress\/plugins\/seo\/ -->\n<meta name=\"robots\" content=\"index, follow, max-snippet:-1, max-image-preview:large, max-video-preview:-1\" \/>\n<link rel=\"canonical\" href=\"https:\/\/observatoriodopopulismo.com\/es\/lineas-de-investigacion\/populismo-y-genero\/\" \/>\n<meta name=\"twitter:label1\" content=\"Tiempo de lectura\" \/>\n\t<meta name=\"twitter:data1\" content=\"2 minutos\" \/>\n<script type=\"application\/ld+json\" class=\"yoast-schema-graph\">{\"@context\":\"https:\/\/schema.org\",\"@graph\":[{\"@type\":\"WebSite\",\"@id\":\"https:\/\/observatoriodopopulismo.com\/#website\",\"url\":\"https:\/\/observatoriodopopulismo.com\/\",\"name\":\"Observat\\u00f3rio do Populismo do S\\u00e9culo XXI\",\"description\":\"Centro de estudo do fen\\u00f4meno do populismo a partir de suas rela\\u00e7\\u00f5es midi\\u00e1ticas em diferentes pa\\u00edses\",\"potentialAction\":[{\"@type\":\"SearchAction\",\"target\":{\"@type\":\"EntryPoint\",\"urlTemplate\":\"https:\/\/observatoriodopopulismo.com\/?s={search_term_string}\"},\"query-input\":\"required name=search_term_string\"}],\"inLanguage\":\"es\"},{\"@type\":\"ImageObject\",\"@id\":\"https:\/\/observatoriodopopulismo.com\/es\/lineas-de-investigacion\/populismo-y-genero\/#primaryimage\",\"inLanguage\":\"es\",\"url\":\"https:\/\/observatoriodopopulismo.com\/wp-content\/uploads\/2021\/10\/BBVA-OpenMind-Perplejidad-Muller-4.jpg\",\"contentUrl\":\"https:\/\/observatoriodopopulismo.com\/wp-content\/uploads\/2021\/10\/BBVA-OpenMind-Perplejidad-Muller-4.jpg\",\"width\":1755,\"height\":600},{\"@type\":\"WebPage\",\"@id\":\"https:\/\/observatoriodopopulismo.com\/es\/lineas-de-investigacion\/populismo-y-genero\/#webpage\",\"url\":\"https:\/\/observatoriodopopulismo.com\/es\/lineas-de-investigacion\/populismo-y-genero\/\",\"name\":\"Populismo y g\\u00e9nero - Observat\\u00f3rio do Populismo do S\\u00e9culo XXI\",\"isPartOf\":{\"@id\":\"https:\/\/observatoriodopopulismo.com\/#website\"},\"primaryImageOfPage\":{\"@id\":\"https:\/\/observatoriodopopulismo.com\/es\/lineas-de-investigacion\/populismo-y-genero\/#primaryimage\"},\"datePublished\":\"2021-09-01T23:11:26+00:00\",\"dateModified\":\"2021-11-02T22:07:27+00:00\",\"breadcrumb\":{\"@id\":\"https:\/\/observatoriodopopulismo.com\/es\/lineas-de-investigacion\/populismo-y-genero\/#breadcrumb\"},\"inLanguage\":\"es\",\"potentialAction\":[{\"@type\":\"ReadAction\",\"target\":[\"https:\/\/observatoriodopopulismo.com\/es\/lineas-de-investigacion\/populismo-y-genero\/\"]}]},{\"@type\":\"BreadcrumbList\",\"@id\":\"https:\/\/observatoriodopopulismo.com\/es\/lineas-de-investigacion\/populismo-y-genero\/#breadcrumb\",\"itemListElement\":[{\"@type\":\"ListItem\",\"position\":1,\"name\":\"Home\",\"item\":\"https:\/\/observatoriodopopulismo.com\/es\/\"},{\"@type\":\"ListItem\",\"position\":2,\"name\":\"L\\u00edneas de investigaci\\u00f3n\",\"item\":\"https:\/\/observatoriodopopulismo.com\/es\/lineas-de-investigacion\/\"},{\"@type\":\"ListItem\",\"position\":3,\"name\":\"Populismo y g\\u00e9nero\"}]}]}<\/script>\n<!-- \/ Yoast SEO plugin. -->","yoast_head_json":{"robots":{"index":"index","follow":"follow","max-snippet":"max-snippet:-1","max-image-preview":"max-image-preview:large","max-video-preview":"max-video-preview:-1"},"canonical":"https:\/\/observatoriodopopulismo.com\/es\/lineas-de-investigacion\/populismo-y-genero\/","twitter_misc":{"Tiempo de lectura":"2 minutos"},"schema":{"@context":"https:\/\/schema.org","@graph":[{"@type":"WebSite","@id":"https:\/\/observatoriodopopulismo.com\/#website","url":"https:\/\/observatoriodopopulismo.com\/","name":"Observat\u00f3rio do Populismo do S\u00e9culo XXI","description":"Centro de estudo do fen\u00f4meno do populismo a partir de suas rela\u00e7\u00f5es midi\u00e1ticas em diferentes pa\u00edses","potentialAction":[{"@type":"SearchAction","target":{"@type":"EntryPoint","urlTemplate":"https:\/\/observatoriodopopulismo.com\/?s={search_term_string}"},"query-input":"required name=search_term_string"}],"inLanguage":"es"},{"@type":"ImageObject","@id":"https:\/\/observatoriodopopulismo.com\/es\/lineas-de-investigacion\/populismo-y-genero\/#primaryimage","inLanguage":"es","url":"https:\/\/observatoriodopopulismo.com\/wp-content\/uploads\/2021\/10\/BBVA-OpenMind-Perplejidad-Muller-4.jpg","contentUrl":"https:\/\/observatoriodopopulismo.com\/wp-content\/uploads\/2021\/10\/BBVA-OpenMind-Perplejidad-Muller-4.jpg","width":1755,"height":600},{"@type":"WebPage","@id":"https:\/\/observatoriodopopulismo.com\/es\/lineas-de-investigacion\/populismo-y-genero\/#webpage","url":"https:\/\/observatoriodopopulismo.com\/es\/lineas-de-investigacion\/populismo-y-genero\/","name":"Populismo y g\u00e9nero - Observat\u00f3rio do Populismo do S\u00e9culo XXI","isPartOf":{"@id":"https:\/\/observatoriodopopulismo.com\/#website"},"primaryImageOfPage":{"@id":"https:\/\/observatoriodopopulismo.com\/es\/lineas-de-investigacion\/populismo-y-genero\/#primaryimage"},"datePublished":"2021-09-01T23:11:26+00:00","dateModified":"2021-11-02T22:07:27+00:00","breadcrumb":{"@id":"https:\/\/observatoriodopopulismo.com\/es\/lineas-de-investigacion\/populismo-y-genero\/#breadcrumb"},"inLanguage":"es","potentialAction":[{"@type":"ReadAction","target":["https:\/\/observatoriodopopulismo.com\/es\/lineas-de-investigacion\/populismo-y-genero\/"]}]},{"@type":"BreadcrumbList","@id":"https:\/\/observatoriodopopulismo.com\/es\/lineas-de-investigacion\/populismo-y-genero\/#breadcrumb","itemListElement":[{"@type":"ListItem","position":1,"name":"Home","item":"https:\/\/observatoriodopopulismo.com\/es\/"},{"@type":"ListItem","position":2,"name":"L\u00edneas de investigaci\u00f3n","item":"https:\/\/observatoriodopopulismo.com\/es\/lineas-de-investigacion\/"},{"@type":"ListItem","position":3,"name":"Populismo y g\u00e9nero"}]}]}},"_links":{"self":[{"href":"https:\/\/observatoriodopopulismo.com\/es\/wp-json\/wp\/v2\/pages\/147"}],"collection":[{"href":"https:\/\/observatoriodopopulismo.com\/es\/wp-json\/wp\/v2\/pages"}],"about":[{"href":"https:\/\/observatoriodopopulismo.com\/es\/wp-json\/wp\/v2\/types\/page"}],"author":[{"embeddable":true,"href":"https:\/\/observatoriodopopulismo.com\/es\/wp-json\/wp\/v2\/users\/1"}],"replies":[{"embeddable":true,"href":"https:\/\/observatoriodopopulismo.com\/es\/wp-json\/wp\/v2\/comments?post=147"}],"version-history":[{"count":9,"href":"https:\/\/observatoriodopopulismo.com\/es\/wp-json\/wp\/v2\/pages\/147\/revisions"}],"predecessor-version":[{"id":1765,"href":"https:\/\/observatoriodopopulismo.com\/es\/wp-json\/wp\/v2\/pages\/147\/revisions\/1765"}],"up":[{"embeddable":true,"href":"https:\/\/observatoriodopopulismo.com\/es\/wp-json\/wp\/v2\/pages\/144"}],"wp:featuredmedia":[{"embeddable":true,"href":"https:\/\/observatoriodopopulismo.com\/es\/wp-json\/wp\/v2\/media\/331"}],"wp:attachment":[{"href":"https:\/\/observatoriodopopulismo.com\/es\/wp-json\/wp\/v2\/media?parent=147"}],"curies":[{"name":"wp","href":"https:\/\/api.w.org\/{rel}","templated":true}]}}