{"id":146,"date":"2021-09-01T20:11:08","date_gmt":"2021-09-01T23:11:08","guid":{"rendered":"https:\/\/observatoriodopopulismo.com\/lineas-de-investigacion\/populismo-y-pandemia\/"},"modified":"2021-11-02T19:05:05","modified_gmt":"2021-11-02T22:05:05","slug":"populismo-y-pandemia","status":"publish","type":"page","link":"https:\/\/observatoriodopopulismo.com\/es\/lineas-de-investigacion\/populismo-y-pandemia\/","title":{"rendered":"Populismo y pandemia"},"content":{"rendered":"\t\t<div data-elementor-type=\"wp-page\" data-elementor-id=\"146\" class=\"elementor elementor-146 elementor-70\" data-elementor-settings=\"[]\">\n\t\t\t\t\t\t\t<div class=\"elementor-section-wrap\">\n\t\t\t\t\t\t\t<section class=\"elementor-section elementor-top-section elementor-element elementor-element-9c3eb94 elementor-section-boxed elementor-section-height-default elementor-section-height-default\" data-id=\"9c3eb94\" data-element_type=\"section\">\n\t\t\t\t\t\t<div class=\"elementor-container elementor-column-gap-default\">\n\t\t\t\t\t<div class=\"elementor-column elementor-col-100 elementor-top-column elementor-element elementor-element-a500092\" data-id=\"a500092\" data-element_type=\"column\">\n\t\t\t<div class=\"elementor-widget-wrap elementor-element-populated\">\n\t\t\t\t\t\t\t\t<div class=\"elementor-element elementor-element-9639855 elementor-widget elementor-widget-heading\" data-id=\"9639855\" data-element_type=\"widget\" data-widget_type=\"heading.default\">\n\t\t\t\t<div class=\"elementor-widget-container\">\n\t\t\t<h2 class=\"elementor-heading-title elementor-size-default\">L\u00ednea de investigaci\u00f3n: Populismo y pandemia<\/h2>\t\t<\/div>\n\t\t\t\t<\/div>\n\t\t\t\t\t<\/div>\n\t\t<\/div>\n\t\t\t\t\t\t\t<\/div>\n\t\t<\/section>\n\t\t\t\t<section class=\"elementor-section elementor-top-section elementor-element elementor-element-66f307a elementor-section-boxed elementor-section-height-default elementor-section-height-default\" data-id=\"66f307a\" data-element_type=\"section\">\n\t\t\t\t\t\t<div class=\"elementor-container elementor-column-gap-default\">\n\t\t\t\t\t<div class=\"elementor-column elementor-col-100 elementor-top-column elementor-element elementor-element-f5e8267\" data-id=\"f5e8267\" data-element_type=\"column\">\n\t\t\t<div class=\"elementor-widget-wrap elementor-element-populated\">\n\t\t\t\t\t\t\t\t<div class=\"elementor-element elementor-element-0297ae6 elementor-widget elementor-widget-text-editor\" data-id=\"0297ae6\" data-element_type=\"widget\" data-widget_type=\"text-editor.default\">\n\t\t\t\t<div class=\"elementor-widget-container\">\n\t\t\t\t\t\t\t<div><p class=\"text-justify\"><span lang=\"ES-TRAD\">En la \u00faltima d\u00e9cada, los informes publicados por instituciones internacionales apuntan a una disminuci\u00f3n significativa en el n\u00famero de pa\u00edses que viven en democracia, as\u00ed como a una depreciaci\u00f3n creciente en la calidad de la democracia. <\/span><\/p><p class=\"text-justify\"><span lang=\"ES-TRAD\">Estas disposiciones se han profundizado en todo el mundo con el estallido de la pandemia a fines de 2019. Con el expediente de controlar la pandemia, gobiernos y autoridades impidieron protestas pac\u00edficas, persiguieron a medios de comunicaci\u00f3n y cr\u00edticos de reg\u00edmenes democr\u00e1ticos, as\u00ed como promulgaron leyes destinadas a limitar derechos civiles. <\/span><\/p><p class=\"text-justify\"><span lang=\"ES-TRAD\">La censura a la informaci\u00f3n y la desinformaci\u00f3n crecieron a la par de la pandemia, con un conjunto de gobiernos autoritarios, pero, tambi\u00e9n, democr\u00e1ticos que aprobaron leyes con motivos de imponer \u201ccontroles \/ l\u00edmites\u201d a la informaci\u00f3n. En ciertos reg\u00edmenes democr\u00e1ticos se intent\u00f3 devaluar la enfermedad y su propagaci\u00f3n, como sucedi\u00f3 al inicio de la pandemia en Reino Unido, en tiempos de Brexit y Boris Johnson, en Brasil con Bolsonaro, en Indonesia con Duterte y en Estados Unidos con Trump. <\/span><\/p><p class=\"text-justify\"><span lang=\"ES-TRAD\">Estos gobernantes erigieron un discurso fuertemente populista y nacionalista, apoyado en las redes sociales, para justificar las opciones tomadas para substraer importancia a la gravedad de la enfermedad en detrimento de las libertades fundamentales y el funcionamiento de la econom\u00eda. Sin embargo, gobiernos autocr\u00e1ticos y, al mismo tiempo, de orientaci\u00f3n colectivista, como China o Singapur, tomaron no solo dr\u00e1sticas medidas de confinamiento, sino tambi\u00e9n agresivas pol\u00edticas de salud p\u00fablica que, ignorando los derechos y libertades civiles, se revelaron, a corto y largo plazo, eficientes en la contenci\u00f3n de la pandemia.<\/span><\/p><\/div><div><p class=\"text-justify\"><span lang=\"ES-TRAD\">En esta l\u00ednea de investigaci\u00f3n se integran todos los trabajos y proyectos que tienen como objetivo analizar esta tem\u00e1tica.<\/span><\/p><\/div>\t\t\t\t\t\t<\/div>\n\t\t\t\t<\/div>\n\t\t\t\t\t<\/div>\n\t\t<\/div>\n\t\t\t\t\t\t\t<\/div>\n\t\t<\/section>\n\t\t\t\t\t\t<\/div>\n\t\t\t\t\t<\/div>\n\t\t","protected":false},"excerpt":{"rendered":"<p>L\u00ednea de investigaci\u00f3n: Populismo y pandemia En la \u00faltima d\u00e9cada, los informes publicados por instituciones internacionales apuntan a una disminuci\u00f3n significativa en el [&hellip;]<\/p>\n","protected":false},"author":1,"featured_media":331,"parent":144,"menu_order":0,"comment_status":"closed","ping_status":"closed","template":"","meta":{"_monsterinsights_skip_tracking":false,"_monsterinsights_sitenote_active":false,"_monsterinsights_sitenote_note":"","_monsterinsights_sitenote_category":0},"yoast_head":"<!-- This site is optimized with the Yoast SEO plugin v17.6 - https:\/\/yoast.com\/wordpress\/plugins\/seo\/ -->\n<meta name=\"robots\" content=\"index, follow, max-snippet:-1, max-image-preview:large, max-video-preview:-1\" \/>\n<link rel=\"canonical\" href=\"https:\/\/observatoriodopopulismo.com\/es\/lineas-de-investigacion\/populismo-y-pandemia\/\" \/>\n<meta name=\"twitter:label1\" content=\"Tiempo de lectura\" \/>\n\t<meta name=\"twitter:data1\" content=\"2 minutos\" \/>\n<script type=\"application\/ld+json\" class=\"yoast-schema-graph\">{\"@context\":\"https:\/\/schema.org\",\"@graph\":[{\"@type\":\"WebSite\",\"@id\":\"https:\/\/observatoriodopopulismo.com\/#website\",\"url\":\"https:\/\/observatoriodopopulismo.com\/\",\"name\":\"Observat\\u00f3rio do Populismo do S\\u00e9culo XXI\",\"description\":\"Centro de estudo do fen\\u00f4meno do populismo a partir de suas rela\\u00e7\\u00f5es midi\\u00e1ticas em diferentes pa\\u00edses\",\"potentialAction\":[{\"@type\":\"SearchAction\",\"target\":{\"@type\":\"EntryPoint\",\"urlTemplate\":\"https:\/\/observatoriodopopulismo.com\/?s={search_term_string}\"},\"query-input\":\"required name=search_term_string\"}],\"inLanguage\":\"es\"},{\"@type\":\"ImageObject\",\"@id\":\"https:\/\/observatoriodopopulismo.com\/es\/lineas-de-investigacion\/populismo-y-pandemia\/#primaryimage\",\"inLanguage\":\"es\",\"url\":\"https:\/\/observatoriodopopulismo.com\/wp-content\/uploads\/2021\/10\/BBVA-OpenMind-Perplejidad-Muller-4.jpg\",\"contentUrl\":\"https:\/\/observatoriodopopulismo.com\/wp-content\/uploads\/2021\/10\/BBVA-OpenMind-Perplejidad-Muller-4.jpg\",\"width\":1755,\"height\":600},{\"@type\":\"WebPage\",\"@id\":\"https:\/\/observatoriodopopulismo.com\/es\/lineas-de-investigacion\/populismo-y-pandemia\/#webpage\",\"url\":\"https:\/\/observatoriodopopulismo.com\/es\/lineas-de-investigacion\/populismo-y-pandemia\/\",\"name\":\"Populismo y pandemia - Observat\\u00f3rio do Populismo do S\\u00e9culo XXI\",\"isPartOf\":{\"@id\":\"https:\/\/observatoriodopopulismo.com\/#website\"},\"primaryImageOfPage\":{\"@id\":\"https:\/\/observatoriodopopulismo.com\/es\/lineas-de-investigacion\/populismo-y-pandemia\/#primaryimage\"},\"datePublished\":\"2021-09-01T23:11:08+00:00\",\"dateModified\":\"2021-11-02T22:05:05+00:00\",\"breadcrumb\":{\"@id\":\"https:\/\/observatoriodopopulismo.com\/es\/lineas-de-investigacion\/populismo-y-pandemia\/#breadcrumb\"},\"inLanguage\":\"es\",\"potentialAction\":[{\"@type\":\"ReadAction\",\"target\":[\"https:\/\/observatoriodopopulismo.com\/es\/lineas-de-investigacion\/populismo-y-pandemia\/\"]}]},{\"@type\":\"BreadcrumbList\",\"@id\":\"https:\/\/observatoriodopopulismo.com\/es\/lineas-de-investigacion\/populismo-y-pandemia\/#breadcrumb\",\"itemListElement\":[{\"@type\":\"ListItem\",\"position\":1,\"name\":\"Home\",\"item\":\"https:\/\/observatoriodopopulismo.com\/es\/\"},{\"@type\":\"ListItem\",\"position\":2,\"name\":\"L\\u00edneas de investigaci\\u00f3n\",\"item\":\"https:\/\/observatoriodopopulismo.com\/es\/lineas-de-investigacion\/\"},{\"@type\":\"ListItem\",\"position\":3,\"name\":\"Populismo y pandemia\"}]}]}<\/script>\n<!-- \/ Yoast SEO plugin. -->","yoast_head_json":{"robots":{"index":"index","follow":"follow","max-snippet":"max-snippet:-1","max-image-preview":"max-image-preview:large","max-video-preview":"max-video-preview:-1"},"canonical":"https:\/\/observatoriodopopulismo.com\/es\/lineas-de-investigacion\/populismo-y-pandemia\/","twitter_misc":{"Tiempo de lectura":"2 minutos"},"schema":{"@context":"https:\/\/schema.org","@graph":[{"@type":"WebSite","@id":"https:\/\/observatoriodopopulismo.com\/#website","url":"https:\/\/observatoriodopopulismo.com\/","name":"Observat\u00f3rio do Populismo do S\u00e9culo XXI","description":"Centro de estudo do fen\u00f4meno do populismo a partir de suas rela\u00e7\u00f5es midi\u00e1ticas em diferentes pa\u00edses","potentialAction":[{"@type":"SearchAction","target":{"@type":"EntryPoint","urlTemplate":"https:\/\/observatoriodopopulismo.com\/?s={search_term_string}"},"query-input":"required name=search_term_string"}],"inLanguage":"es"},{"@type":"ImageObject","@id":"https:\/\/observatoriodopopulismo.com\/es\/lineas-de-investigacion\/populismo-y-pandemia\/#primaryimage","inLanguage":"es","url":"https:\/\/observatoriodopopulismo.com\/wp-content\/uploads\/2021\/10\/BBVA-OpenMind-Perplejidad-Muller-4.jpg","contentUrl":"https:\/\/observatoriodopopulismo.com\/wp-content\/uploads\/2021\/10\/BBVA-OpenMind-Perplejidad-Muller-4.jpg","width":1755,"height":600},{"@type":"WebPage","@id":"https:\/\/observatoriodopopulismo.com\/es\/lineas-de-investigacion\/populismo-y-pandemia\/#webpage","url":"https:\/\/observatoriodopopulismo.com\/es\/lineas-de-investigacion\/populismo-y-pandemia\/","name":"Populismo y pandemia - Observat\u00f3rio do Populismo do S\u00e9culo XXI","isPartOf":{"@id":"https:\/\/observatoriodopopulismo.com\/#website"},"primaryImageOfPage":{"@id":"https:\/\/observatoriodopopulismo.com\/es\/lineas-de-investigacion\/populismo-y-pandemia\/#primaryimage"},"datePublished":"2021-09-01T23:11:08+00:00","dateModified":"2021-11-02T22:05:05+00:00","breadcrumb":{"@id":"https:\/\/observatoriodopopulismo.com\/es\/lineas-de-investigacion\/populismo-y-pandemia\/#breadcrumb"},"inLanguage":"es","potentialAction":[{"@type":"ReadAction","target":["https:\/\/observatoriodopopulismo.com\/es\/lineas-de-investigacion\/populismo-y-pandemia\/"]}]},{"@type":"BreadcrumbList","@id":"https:\/\/observatoriodopopulismo.com\/es\/lineas-de-investigacion\/populismo-y-pandemia\/#breadcrumb","itemListElement":[{"@type":"ListItem","position":1,"name":"Home","item":"https:\/\/observatoriodopopulismo.com\/es\/"},{"@type":"ListItem","position":2,"name":"L\u00edneas de investigaci\u00f3n","item":"https:\/\/observatoriodopopulismo.com\/es\/lineas-de-investigacion\/"},{"@type":"ListItem","position":3,"name":"Populismo y pandemia"}]}]}},"_links":{"self":[{"href":"https:\/\/observatoriodopopulismo.com\/es\/wp-json\/wp\/v2\/pages\/146"}],"collection":[{"href":"https:\/\/observatoriodopopulismo.com\/es\/wp-json\/wp\/v2\/pages"}],"about":[{"href":"https:\/\/observatoriodopopulismo.com\/es\/wp-json\/wp\/v2\/types\/page"}],"author":[{"embeddable":true,"href":"https:\/\/observatoriodopopulismo.com\/es\/wp-json\/wp\/v2\/users\/1"}],"replies":[{"embeddable":true,"href":"https:\/\/observatoriodopopulismo.com\/es\/wp-json\/wp\/v2\/comments?post=146"}],"version-history":[{"count":9,"href":"https:\/\/observatoriodopopulismo.com\/es\/wp-json\/wp\/v2\/pages\/146\/revisions"}],"predecessor-version":[{"id":1756,"href":"https:\/\/observatoriodopopulismo.com\/es\/wp-json\/wp\/v2\/pages\/146\/revisions\/1756"}],"up":[{"embeddable":true,"href":"https:\/\/observatoriodopopulismo.com\/es\/wp-json\/wp\/v2\/pages\/144"}],"wp:featuredmedia":[{"embeddable":true,"href":"https:\/\/observatoriodopopulismo.com\/es\/wp-json\/wp\/v2\/media\/331"}],"wp:attachment":[{"href":"https:\/\/observatoriodopopulismo.com\/es\/wp-json\/wp\/v2\/media?parent=146"}],"curies":[{"name":"wp","href":"https:\/\/api.w.org\/{rel}","templated":true}]}}