{"id":145,"date":"2021-09-01T20:10:33","date_gmt":"2021-09-01T23:10:33","guid":{"rendered":"https:\/\/observatoriodopopulismo.com\/lineas-de-investigacion\/medios-de-comunicacion-y-populismo\/"},"modified":"2021-11-02T18:59:50","modified_gmt":"2021-11-02T21:59:50","slug":"medios-de-comunicacion-y-populismo","status":"publish","type":"page","link":"https:\/\/observatoriodopopulismo.com\/es\/lineas-de-investigacion\/medios-de-comunicacion-y-populismo\/","title":{"rendered":"Medios de comunicaci\u00f3n y populismo"},"content":{"rendered":"\t\t<div data-elementor-type=\"wp-page\" data-elementor-id=\"145\" class=\"elementor elementor-145 elementor-68\" data-elementor-settings=\"[]\">\n\t\t\t\t\t\t\t<div class=\"elementor-section-wrap\">\n\t\t\t\t\t\t\t<section class=\"elementor-section elementor-top-section elementor-element elementor-element-e4c2391 elementor-section-boxed elementor-section-height-default elementor-section-height-default\" data-id=\"e4c2391\" data-element_type=\"section\">\n\t\t\t\t\t\t<div class=\"elementor-container elementor-column-gap-default\">\n\t\t\t\t\t<div class=\"elementor-column elementor-col-100 elementor-top-column elementor-element elementor-element-8c7ca63\" data-id=\"8c7ca63\" data-element_type=\"column\">\n\t\t\t<div class=\"elementor-widget-wrap elementor-element-populated\">\n\t\t\t\t\t\t\t\t<div class=\"elementor-element elementor-element-d6164cb elementor-widget elementor-widget-heading\" data-id=\"d6164cb\" data-element_type=\"widget\" data-widget_type=\"heading.default\">\n\t\t\t\t<div class=\"elementor-widget-container\">\n\t\t\t<h2 class=\"elementor-heading-title elementor-size-default\">L\u00ednea de investigaci\u00f3n: Populismo y Medios\n<\/h2>\t\t<\/div>\n\t\t\t\t<\/div>\n\t\t\t\t\t<\/div>\n\t\t<\/div>\n\t\t\t\t\t\t\t<\/div>\n\t\t<\/section>\n\t\t\t\t<section class=\"elementor-section elementor-top-section elementor-element elementor-element-e527a99 elementor-section-boxed elementor-section-height-default elementor-section-height-default\" data-id=\"e527a99\" data-element_type=\"section\">\n\t\t\t\t\t\t<div class=\"elementor-container elementor-column-gap-default\">\n\t\t\t\t\t<div class=\"elementor-column elementor-col-100 elementor-top-column elementor-element elementor-element-670f63a\" data-id=\"670f63a\" data-element_type=\"column\">\n\t\t\t<div class=\"elementor-widget-wrap elementor-element-populated\">\n\t\t\t\t\t\t\t\t<div class=\"elementor-element elementor-element-d4bebe4 elementor-widget elementor-widget-text-editor\" data-id=\"d4bebe4\" data-element_type=\"widget\" data-widget_type=\"text-editor.default\">\n\t\t\t\t<div class=\"elementor-widget-container\">\n\t\t\t\t\t\t\t<p>En la \u00faltima d\u00e9cada, hemos visto el surgimiento de gobiernos populistas, en distintos pa\u00edses del mundo, que desaf\u00edan las reglas de la democracia liberal, especialmente en lo que concierne a las libertades individuales, la libertad de expresi\u00f3n y de prensa. Se trata de gobiernos populistas de car\u00e1cter autoritario, que se han instalado, muchas veces, a partir de la celebraci\u00f3n de elecciones libres, seguidos del intento de cambios constitucionales, con la intenci\u00f3n de perpetuar a los l\u00edderes en el poder y condicionar los derechos en el \u00e1mbito de las libertades individuales y derechos humanos.<\/p><p>Los populismos contempor\u00e1neos, o neopopulismos, adoptan una actitud de impugnaci\u00f3n de los valores democr\u00e1ticos \u2014 como el inicio del Estado de derecho, el pluralismo, la libertad de expresi\u00f3n y comunicaci\u00f3n y los derechos humanos \u2014 y sus instituciones de mediaci\u00f3n y regulaci\u00f3n.<\/p><p>En este grupo de agentes populistas se hallan los populismos autoritarios modernos, encarnados por l\u00edderes que est\u00e1n, o estuvieron, en el poder, como Donald Trump (Estados Unidos), Jair Bolsonaro (Brasil), Recep Erdogan (Turqu\u00eda), Viktor Orb\u00e1n (Hungr\u00eda), Rodrigo Duterte (Filipinas), Matteo Salvini (Italia), as\u00ed como otros en fase de consolidaci\u00f3n, como Marine Le Pen (Francia), Andr\u00e9 Ventura (Portugal) o Santiago Abascal (Espa\u00f1a).<\/p><p>Esta l\u00ednea de investigaci\u00f3n incluye todos los trabajos y proyectos que desarrollan centralmente esta tem\u00e1tica, relacionando el populismo con el papel de los medios de comunicaci\u00f3n, las tecnolog\u00edas de la informaci\u00f3n y comunicaci\u00f3n y las redes sociales.<\/p><p>\u00a0<\/p>\t\t\t\t\t\t<\/div>\n\t\t\t\t<\/div>\n\t\t\t\t\t<\/div>\n\t\t<\/div>\n\t\t\t\t\t\t\t<\/div>\n\t\t<\/section>\n\t\t\t\t\t\t<\/div>\n\t\t\t\t\t<\/div>\n\t\t","protected":false},"excerpt":{"rendered":"<p>L\u00ednea de investigaci\u00f3n: Populismo y Medios En la \u00faltima d\u00e9cada, hemos visto el surgimiento de gobiernos populistas, en distintos pa\u00edses del mundo, que [&hellip;]<\/p>\n","protected":false},"author":1,"featured_media":331,"parent":144,"menu_order":0,"comment_status":"closed","ping_status":"closed","template":"","meta":{"_monsterinsights_skip_tracking":false,"_monsterinsights_sitenote_active":false,"_monsterinsights_sitenote_note":"","_monsterinsights_sitenote_category":0},"yoast_head":"<!-- This site is optimized with the Yoast SEO plugin v17.6 - https:\/\/yoast.com\/wordpress\/plugins\/seo\/ -->\n<meta name=\"robots\" content=\"index, follow, max-snippet:-1, max-image-preview:large, max-video-preview:-1\" \/>\n<link rel=\"canonical\" href=\"https:\/\/observatoriodopopulismo.com\/es\/lineas-de-investigacion\/medios-de-comunicacion-y-populismo\/\" \/>\n<meta name=\"twitter:label1\" content=\"Tiempo de lectura\" \/>\n\t<meta name=\"twitter:data1\" content=\"2 minutos\" \/>\n<script type=\"application\/ld+json\" class=\"yoast-schema-graph\">{\"@context\":\"https:\/\/schema.org\",\"@graph\":[{\"@type\":\"WebSite\",\"@id\":\"https:\/\/observatoriodopopulismo.com\/#website\",\"url\":\"https:\/\/observatoriodopopulismo.com\/\",\"name\":\"Observat\\u00f3rio do Populismo do S\\u00e9culo XXI\",\"description\":\"Centro de estudo do fen\\u00f4meno do populismo a partir de suas rela\\u00e7\\u00f5es midi\\u00e1ticas em diferentes pa\\u00edses\",\"potentialAction\":[{\"@type\":\"SearchAction\",\"target\":{\"@type\":\"EntryPoint\",\"urlTemplate\":\"https:\/\/observatoriodopopulismo.com\/?s={search_term_string}\"},\"query-input\":\"required name=search_term_string\"}],\"inLanguage\":\"es\"},{\"@type\":\"ImageObject\",\"@id\":\"https:\/\/observatoriodopopulismo.com\/es\/lineas-de-investigacion\/medios-de-comunicacion-y-populismo\/#primaryimage\",\"inLanguage\":\"es\",\"url\":\"https:\/\/observatoriodopopulismo.com\/wp-content\/uploads\/2021\/10\/BBVA-OpenMind-Perplejidad-Muller-4.jpg\",\"contentUrl\":\"https:\/\/observatoriodopopulismo.com\/wp-content\/uploads\/2021\/10\/BBVA-OpenMind-Perplejidad-Muller-4.jpg\",\"width\":1755,\"height\":600},{\"@type\":\"WebPage\",\"@id\":\"https:\/\/observatoriodopopulismo.com\/es\/lineas-de-investigacion\/medios-de-comunicacion-y-populismo\/#webpage\",\"url\":\"https:\/\/observatoriodopopulismo.com\/es\/lineas-de-investigacion\/medios-de-comunicacion-y-populismo\/\",\"name\":\"Medios de comunicaci\\u00f3n y populismo - Observat\\u00f3rio do Populismo do S\\u00e9culo XXI\",\"isPartOf\":{\"@id\":\"https:\/\/observatoriodopopulismo.com\/#website\"},\"primaryImageOfPage\":{\"@id\":\"https:\/\/observatoriodopopulismo.com\/es\/lineas-de-investigacion\/medios-de-comunicacion-y-populismo\/#primaryimage\"},\"datePublished\":\"2021-09-01T23:10:33+00:00\",\"dateModified\":\"2021-11-02T21:59:50+00:00\",\"breadcrumb\":{\"@id\":\"https:\/\/observatoriodopopulismo.com\/es\/lineas-de-investigacion\/medios-de-comunicacion-y-populismo\/#breadcrumb\"},\"inLanguage\":\"es\",\"potentialAction\":[{\"@type\":\"ReadAction\",\"target\":[\"https:\/\/observatoriodopopulismo.com\/es\/lineas-de-investigacion\/medios-de-comunicacion-y-populismo\/\"]}]},{\"@type\":\"BreadcrumbList\",\"@id\":\"https:\/\/observatoriodopopulismo.com\/es\/lineas-de-investigacion\/medios-de-comunicacion-y-populismo\/#breadcrumb\",\"itemListElement\":[{\"@type\":\"ListItem\",\"position\":1,\"name\":\"Home\",\"item\":\"https:\/\/observatoriodopopulismo.com\/es\/\"},{\"@type\":\"ListItem\",\"position\":2,\"name\":\"L\\u00edneas de investigaci\\u00f3n\",\"item\":\"https:\/\/observatoriodopopulismo.com\/es\/lineas-de-investigacion\/\"},{\"@type\":\"ListItem\",\"position\":3,\"name\":\"Medios de comunicaci\\u00f3n y populismo\"}]}]}<\/script>\n<!-- \/ Yoast SEO plugin. -->","yoast_head_json":{"robots":{"index":"index","follow":"follow","max-snippet":"max-snippet:-1","max-image-preview":"max-image-preview:large","max-video-preview":"max-video-preview:-1"},"canonical":"https:\/\/observatoriodopopulismo.com\/es\/lineas-de-investigacion\/medios-de-comunicacion-y-populismo\/","twitter_misc":{"Tiempo de lectura":"2 minutos"},"schema":{"@context":"https:\/\/schema.org","@graph":[{"@type":"WebSite","@id":"https:\/\/observatoriodopopulismo.com\/#website","url":"https:\/\/observatoriodopopulismo.com\/","name":"Observat\u00f3rio do Populismo do S\u00e9culo XXI","description":"Centro de estudo do fen\u00f4meno do populismo a partir de suas rela\u00e7\u00f5es midi\u00e1ticas em diferentes pa\u00edses","potentialAction":[{"@type":"SearchAction","target":{"@type":"EntryPoint","urlTemplate":"https:\/\/observatoriodopopulismo.com\/?s={search_term_string}"},"query-input":"required name=search_term_string"}],"inLanguage":"es"},{"@type":"ImageObject","@id":"https:\/\/observatoriodopopulismo.com\/es\/lineas-de-investigacion\/medios-de-comunicacion-y-populismo\/#primaryimage","inLanguage":"es","url":"https:\/\/observatoriodopopulismo.com\/wp-content\/uploads\/2021\/10\/BBVA-OpenMind-Perplejidad-Muller-4.jpg","contentUrl":"https:\/\/observatoriodopopulismo.com\/wp-content\/uploads\/2021\/10\/BBVA-OpenMind-Perplejidad-Muller-4.jpg","width":1755,"height":600},{"@type":"WebPage","@id":"https:\/\/observatoriodopopulismo.com\/es\/lineas-de-investigacion\/medios-de-comunicacion-y-populismo\/#webpage","url":"https:\/\/observatoriodopopulismo.com\/es\/lineas-de-investigacion\/medios-de-comunicacion-y-populismo\/","name":"Medios de comunicaci\u00f3n y populismo - Observat\u00f3rio do Populismo do S\u00e9culo XXI","isPartOf":{"@id":"https:\/\/observatoriodopopulismo.com\/#website"},"primaryImageOfPage":{"@id":"https:\/\/observatoriodopopulismo.com\/es\/lineas-de-investigacion\/medios-de-comunicacion-y-populismo\/#primaryimage"},"datePublished":"2021-09-01T23:10:33+00:00","dateModified":"2021-11-02T21:59:50+00:00","breadcrumb":{"@id":"https:\/\/observatoriodopopulismo.com\/es\/lineas-de-investigacion\/medios-de-comunicacion-y-populismo\/#breadcrumb"},"inLanguage":"es","potentialAction":[{"@type":"ReadAction","target":["https:\/\/observatoriodopopulismo.com\/es\/lineas-de-investigacion\/medios-de-comunicacion-y-populismo\/"]}]},{"@type":"BreadcrumbList","@id":"https:\/\/observatoriodopopulismo.com\/es\/lineas-de-investigacion\/medios-de-comunicacion-y-populismo\/#breadcrumb","itemListElement":[{"@type":"ListItem","position":1,"name":"Home","item":"https:\/\/observatoriodopopulismo.com\/es\/"},{"@type":"ListItem","position":2,"name":"L\u00edneas de investigaci\u00f3n","item":"https:\/\/observatoriodopopulismo.com\/es\/lineas-de-investigacion\/"},{"@type":"ListItem","position":3,"name":"Medios de comunicaci\u00f3n y populismo"}]}]}},"_links":{"self":[{"href":"https:\/\/observatoriodopopulismo.com\/es\/wp-json\/wp\/v2\/pages\/145"}],"collection":[{"href":"https:\/\/observatoriodopopulismo.com\/es\/wp-json\/wp\/v2\/pages"}],"about":[{"href":"https:\/\/observatoriodopopulismo.com\/es\/wp-json\/wp\/v2\/types\/page"}],"author":[{"embeddable":true,"href":"https:\/\/observatoriodopopulismo.com\/es\/wp-json\/wp\/v2\/users\/1"}],"replies":[{"embeddable":true,"href":"https:\/\/observatoriodopopulismo.com\/es\/wp-json\/wp\/v2\/comments?post=145"}],"version-history":[{"count":6,"href":"https:\/\/observatoriodopopulismo.com\/es\/wp-json\/wp\/v2\/pages\/145\/revisions"}],"predecessor-version":[{"id":1747,"href":"https:\/\/observatoriodopopulismo.com\/es\/wp-json\/wp\/v2\/pages\/145\/revisions\/1747"}],"up":[{"embeddable":true,"href":"https:\/\/observatoriodopopulismo.com\/es\/wp-json\/wp\/v2\/pages\/144"}],"wp:featuredmedia":[{"embeddable":true,"href":"https:\/\/observatoriodopopulismo.com\/es\/wp-json\/wp\/v2\/media\/331"}],"wp:attachment":[{"href":"https:\/\/observatoriodopopulismo.com\/es\/wp-json\/wp\/v2\/media?parent=145"}],"curies":[{"name":"wp","href":"https:\/\/api.w.org\/{rel}","templated":true}]}}