{"id":111,"date":"2021-09-01T19:55:47","date_gmt":"2021-09-01T22:55:47","guid":{"rendered":"https:\/\/observatoriodopopulismo.com\/lines-of-research\/populism-and-gender\/"},"modified":"2021-11-02T19:19:49","modified_gmt":"2021-11-02T22:19:49","slug":"populism-and-gender","status":"publish","type":"page","link":"https:\/\/observatoriodopopulismo.com\/en\/lines-of-research\/populism-and-gender\/","title":{"rendered":"Populism and Gender"},"content":{"rendered":"\t\t<div data-elementor-type=\"wp-page\" data-elementor-id=\"111\" class=\"elementor elementor-111 elementor-72\" data-elementor-settings=\"[]\">\n\t\t\t\t\t\t\t<div class=\"elementor-section-wrap\">\n\t\t\t\t\t\t\t<section class=\"elementor-section elementor-top-section elementor-element elementor-element-26dbcd8 elementor-section-boxed elementor-section-height-default elementor-section-height-default\" data-id=\"26dbcd8\" data-element_type=\"section\">\n\t\t\t\t\t\t<div class=\"elementor-container elementor-column-gap-default\">\n\t\t\t\t\t<div class=\"elementor-column elementor-col-100 elementor-top-column elementor-element elementor-element-5943b69\" data-id=\"5943b69\" data-element_type=\"column\">\n\t\t\t<div class=\"elementor-widget-wrap elementor-element-populated\">\n\t\t\t\t\t\t\t\t<div class=\"elementor-element elementor-element-6b47e6a elementor-widget elementor-widget-heading\" data-id=\"6b47e6a\" data-element_type=\"widget\" data-widget_type=\"heading.default\">\n\t\t\t\t<div class=\"elementor-widget-container\">\n\t\t\t<h2 class=\"elementor-heading-title elementor-size-default\">Research Line: Populism and Gender<\/h2>\t\t<\/div>\n\t\t\t\t<\/div>\n\t\t\t\t\t<\/div>\n\t\t<\/div>\n\t\t\t\t\t\t\t<\/div>\n\t\t<\/section>\n\t\t\t\t<section class=\"elementor-section elementor-top-section elementor-element elementor-element-091b9cc elementor-section-boxed elementor-section-height-default elementor-section-height-default\" data-id=\"091b9cc\" data-element_type=\"section\">\n\t\t\t\t\t\t<div class=\"elementor-container elementor-column-gap-default\">\n\t\t\t\t\t<div class=\"elementor-column elementor-col-100 elementor-top-column elementor-element elementor-element-ece9066\" data-id=\"ece9066\" data-element_type=\"column\">\n\t\t\t<div class=\"elementor-widget-wrap elementor-element-populated\">\n\t\t\t\t\t\t\t\t<div class=\"elementor-element elementor-element-ce895d4 elementor-widget elementor-widget-text-editor\" data-id=\"ce895d4\" data-element_type=\"widget\" data-widget_type=\"text-editor.default\">\n\t\t\t\t<div class=\"elementor-widget-container\">\n\t\t\t\t\t\t\t<p>In early 2021, when the SARS-COVID19 pandemic completed one year of circulation, international and national reports denounced that inequalities have increased, not only between countries but also within each country.<\/p><p>However, there is unanimity in pointing out that the social and economic burden of the disease was, and is, borne mostly by women, confined to the home. Increased unemployment, wage cuts, and the inability to reconcile telecommuting with home life have been registered, above all, among young women and mothers. In addition to these data, reports of domestic violence against women, children, and the elderly have grown.<\/p><p>The pandemic appears, therefore, as a phenomenon that has caused, at least in a decade, the regression of women&#8217;s conquests, their guarantees and civil liberties. To this reality are added the attacks on freedom and sexual orientation, with many countries taking advantage of the restrictions imposed by the pandemic to again create obstacles to voluntary interruption of pregnancy and extend restrictions to LGBT rights, restricting rights and freedoms and increasing violence against these groups, as is underway in Poland and Hungary.<\/p><p>In another sense, it is observed that pendemia has brought to the forefront in many countries women who play unique political and scientific roles, such as Jacinda Ardern, president in New Zealand.<\/p><p>This line of research integrates all works and projects that have gender issues in the context of the pandemic as an objective of analysis.<\/p>\t\t\t\t\t\t<\/div>\n\t\t\t\t<\/div>\n\t\t\t\t\t<\/div>\n\t\t<\/div>\n\t\t\t\t\t\t\t<\/div>\n\t\t<\/section>\n\t\t\t\t\t\t<\/div>\n\t\t\t\t\t<\/div>\n\t\t","protected":false},"excerpt":{"rendered":"<p>Research Line: Populism and Gender In early 2021, when the SARS-COVID19 pandemic completed one year of circulation, international and national reports denounced that [&hellip;]<\/p>\n","protected":false},"author":1,"featured_media":330,"parent":108,"menu_order":0,"comment_status":"closed","ping_status":"closed","template":"","meta":{"_monsterinsights_skip_tracking":false,"_monsterinsights_sitenote_active":false,"_monsterinsights_sitenote_note":"","_monsterinsights_sitenote_category":0},"yoast_head":"<!-- This site is optimized with the Yoast SEO plugin v17.6 - https:\/\/yoast.com\/wordpress\/plugins\/seo\/ -->\n<meta name=\"robots\" content=\"index, follow, max-snippet:-1, max-image-preview:large, max-video-preview:-1\" \/>\n<link rel=\"canonical\" href=\"https:\/\/observatoriodopopulismo.com\/en\/lines-of-research\/populism-and-gender\/\" \/>\n<meta name=\"twitter:label1\" content=\"Est. reading time\" \/>\n\t<meta name=\"twitter:data1\" content=\"2 minutes\" \/>\n<script type=\"application\/ld+json\" class=\"yoast-schema-graph\">{\"@context\":\"https:\/\/schema.org\",\"@graph\":[{\"@type\":\"WebSite\",\"@id\":\"https:\/\/observatoriodopopulismo.com\/#website\",\"url\":\"https:\/\/observatoriodopopulismo.com\/\",\"name\":\"Observat\\u00f3rio do Populismo do S\\u00e9culo XXI\",\"description\":\"Centro de estudo do fen\\u00f4meno do populismo a partir de suas rela\\u00e7\\u00f5es midi\\u00e1ticas em diferentes pa\\u00edses\",\"potentialAction\":[{\"@type\":\"SearchAction\",\"target\":{\"@type\":\"EntryPoint\",\"urlTemplate\":\"https:\/\/observatoriodopopulismo.com\/?s={search_term_string}\"},\"query-input\":\"required name=search_term_string\"}],\"inLanguage\":\"en-US\"},{\"@type\":\"ImageObject\",\"@id\":\"https:\/\/observatoriodopopulismo.com\/en\/lines-of-research\/populism-and-gender\/#primaryimage\",\"inLanguage\":\"en-US\",\"url\":\"https:\/\/observatoriodopopulismo.com\/wp-content\/uploads\/2021\/10\/BBVA-OpenMind-Perplejidad-Muller-4.jpg\",\"contentUrl\":\"https:\/\/observatoriodopopulismo.com\/wp-content\/uploads\/2021\/10\/BBVA-OpenMind-Perplejidad-Muller-4.jpg\",\"width\":1755,\"height\":600},{\"@type\":\"WebPage\",\"@id\":\"https:\/\/observatoriodopopulismo.com\/en\/lines-of-research\/populism-and-gender\/#webpage\",\"url\":\"https:\/\/observatoriodopopulismo.com\/en\/lines-of-research\/populism-and-gender\/\",\"name\":\"Populism and Gender - Observat\\u00f3rio do Populismo do S\\u00e9culo XXI\",\"isPartOf\":{\"@id\":\"https:\/\/observatoriodopopulismo.com\/#website\"},\"primaryImageOfPage\":{\"@id\":\"https:\/\/observatoriodopopulismo.com\/en\/lines-of-research\/populism-and-gender\/#primaryimage\"},\"datePublished\":\"2021-09-01T22:55:47+00:00\",\"dateModified\":\"2021-11-02T22:19:49+00:00\",\"breadcrumb\":{\"@id\":\"https:\/\/observatoriodopopulismo.com\/en\/lines-of-research\/populism-and-gender\/#breadcrumb\"},\"inLanguage\":\"en-US\",\"potentialAction\":[{\"@type\":\"ReadAction\",\"target\":[\"https:\/\/observatoriodopopulismo.com\/en\/lines-of-research\/populism-and-gender\/\"]}]},{\"@type\":\"BreadcrumbList\",\"@id\":\"https:\/\/observatoriodopopulismo.com\/en\/lines-of-research\/populism-and-gender\/#breadcrumb\",\"itemListElement\":[{\"@type\":\"ListItem\",\"position\":1,\"name\":\"Home\",\"item\":\"https:\/\/observatoriodopopulismo.com\/en\/\"},{\"@type\":\"ListItem\",\"position\":2,\"name\":\"Lines of Research\",\"item\":\"https:\/\/observatoriodopopulismo.com\/en\/lines-of-research\/\"},{\"@type\":\"ListItem\",\"position\":3,\"name\":\"Populism and Gender\"}]}]}<\/script>\n<!-- \/ Yoast SEO plugin. -->","yoast_head_json":{"robots":{"index":"index","follow":"follow","max-snippet":"max-snippet:-1","max-image-preview":"max-image-preview:large","max-video-preview":"max-video-preview:-1"},"canonical":"https:\/\/observatoriodopopulismo.com\/en\/lines-of-research\/populism-and-gender\/","twitter_misc":{"Est. reading time":"2 minutes"},"schema":{"@context":"https:\/\/schema.org","@graph":[{"@type":"WebSite","@id":"https:\/\/observatoriodopopulismo.com\/#website","url":"https:\/\/observatoriodopopulismo.com\/","name":"Observat\u00f3rio do Populismo do S\u00e9culo XXI","description":"Centro de estudo do fen\u00f4meno do populismo a partir de suas rela\u00e7\u00f5es midi\u00e1ticas em diferentes pa\u00edses","potentialAction":[{"@type":"SearchAction","target":{"@type":"EntryPoint","urlTemplate":"https:\/\/observatoriodopopulismo.com\/?s={search_term_string}"},"query-input":"required name=search_term_string"}],"inLanguage":"en-US"},{"@type":"ImageObject","@id":"https:\/\/observatoriodopopulismo.com\/en\/lines-of-research\/populism-and-gender\/#primaryimage","inLanguage":"en-US","url":"https:\/\/observatoriodopopulismo.com\/wp-content\/uploads\/2021\/10\/BBVA-OpenMind-Perplejidad-Muller-4.jpg","contentUrl":"https:\/\/observatoriodopopulismo.com\/wp-content\/uploads\/2021\/10\/BBVA-OpenMind-Perplejidad-Muller-4.jpg","width":1755,"height":600},{"@type":"WebPage","@id":"https:\/\/observatoriodopopulismo.com\/en\/lines-of-research\/populism-and-gender\/#webpage","url":"https:\/\/observatoriodopopulismo.com\/en\/lines-of-research\/populism-and-gender\/","name":"Populism and Gender - Observat\u00f3rio do Populismo do S\u00e9culo XXI","isPartOf":{"@id":"https:\/\/observatoriodopopulismo.com\/#website"},"primaryImageOfPage":{"@id":"https:\/\/observatoriodopopulismo.com\/en\/lines-of-research\/populism-and-gender\/#primaryimage"},"datePublished":"2021-09-01T22:55:47+00:00","dateModified":"2021-11-02T22:19:49+00:00","breadcrumb":{"@id":"https:\/\/observatoriodopopulismo.com\/en\/lines-of-research\/populism-and-gender\/#breadcrumb"},"inLanguage":"en-US","potentialAction":[{"@type":"ReadAction","target":["https:\/\/observatoriodopopulismo.com\/en\/lines-of-research\/populism-and-gender\/"]}]},{"@type":"BreadcrumbList","@id":"https:\/\/observatoriodopopulismo.com\/en\/lines-of-research\/populism-and-gender\/#breadcrumb","itemListElement":[{"@type":"ListItem","position":1,"name":"Home","item":"https:\/\/observatoriodopopulismo.com\/en\/"},{"@type":"ListItem","position":2,"name":"Lines of Research","item":"https:\/\/observatoriodopopulismo.com\/en\/lines-of-research\/"},{"@type":"ListItem","position":3,"name":"Populism and Gender"}]}]}},"_links":{"self":[{"href":"https:\/\/observatoriodopopulismo.com\/en\/wp-json\/wp\/v2\/pages\/111"}],"collection":[{"href":"https:\/\/observatoriodopopulismo.com\/en\/wp-json\/wp\/v2\/pages"}],"about":[{"href":"https:\/\/observatoriodopopulismo.com\/en\/wp-json\/wp\/v2\/types\/page"}],"author":[{"embeddable":true,"href":"https:\/\/observatoriodopopulismo.com\/en\/wp-json\/wp\/v2\/users\/1"}],"replies":[{"embeddable":true,"href":"https:\/\/observatoriodopopulismo.com\/en\/wp-json\/wp\/v2\/comments?post=111"}],"version-history":[{"count":6,"href":"https:\/\/observatoriodopopulismo.com\/en\/wp-json\/wp\/v2\/pages\/111\/revisions"}],"predecessor-version":[{"id":1786,"href":"https:\/\/observatoriodopopulismo.com\/en\/wp-json\/wp\/v2\/pages\/111\/revisions\/1786"}],"up":[{"embeddable":true,"href":"https:\/\/observatoriodopopulismo.com\/en\/wp-json\/wp\/v2\/pages\/108"}],"wp:featuredmedia":[{"embeddable":true,"href":"https:\/\/observatoriodopopulismo.com\/en\/wp-json\/wp\/v2\/media\/330"}],"wp:attachment":[{"href":"https:\/\/observatoriodopopulismo.com\/en\/wp-json\/wp\/v2\/media?parent=111"}],"curies":[{"name":"wp","href":"https:\/\/api.w.org\/{rel}","templated":true}]}}