{"id":110,"date":"2021-09-01T19:53:46","date_gmt":"2021-09-01T22:53:46","guid":{"rendered":"https:\/\/observatoriodopopulismo.com\/lines-of-research\/populism-and-pandemic\/"},"modified":"2021-11-02T19:16:43","modified_gmt":"2021-11-02T22:16:43","slug":"populism-and-pandemic","status":"publish","type":"page","link":"https:\/\/observatoriodopopulismo.com\/en\/lines-of-research\/populism-and-pandemic\/","title":{"rendered":"Populism and Pandemic"},"content":{"rendered":"\t\t<div data-elementor-type=\"wp-page\" data-elementor-id=\"110\" class=\"elementor elementor-110 elementor-70\" data-elementor-settings=\"[]\">\n\t\t\t\t\t\t\t<div class=\"elementor-section-wrap\">\n\t\t\t\t\t\t\t<section class=\"elementor-section elementor-top-section elementor-element elementor-element-24bd640 elementor-section-boxed elementor-section-height-default elementor-section-height-default\" data-id=\"24bd640\" data-element_type=\"section\">\n\t\t\t\t\t\t<div class=\"elementor-container elementor-column-gap-default\">\n\t\t\t\t\t<div class=\"elementor-column elementor-col-100 elementor-top-column elementor-element elementor-element-113a738\" data-id=\"113a738\" data-element_type=\"column\">\n\t\t\t<div class=\"elementor-widget-wrap elementor-element-populated\">\n\t\t\t\t\t\t\t\t<div class=\"elementor-element elementor-element-0fdcff7 elementor-widget elementor-widget-heading\" data-id=\"0fdcff7\" data-element_type=\"widget\" data-widget_type=\"heading.default\">\n\t\t\t\t<div class=\"elementor-widget-container\">\n\t\t\t<h2 class=\"elementor-heading-title elementor-size-default\">Research Line: Populism and Pandemics<\/h2>\t\t<\/div>\n\t\t\t\t<\/div>\n\t\t\t\t\t<\/div>\n\t\t<\/div>\n\t\t\t\t\t\t\t<\/div>\n\t\t<\/section>\n\t\t\t\t<section class=\"elementor-section elementor-top-section elementor-element elementor-element-2ae6775 elementor-section-boxed elementor-section-height-default elementor-section-height-default\" data-id=\"2ae6775\" data-element_type=\"section\">\n\t\t\t\t\t\t<div class=\"elementor-container elementor-column-gap-default\">\n\t\t\t\t\t<div class=\"elementor-column elementor-col-100 elementor-top-column elementor-element elementor-element-597ae3b\" data-id=\"597ae3b\" data-element_type=\"column\">\n\t\t\t<div class=\"elementor-widget-wrap elementor-element-populated\">\n\t\t\t\t\t\t\t\t<div class=\"elementor-element elementor-element-5cab8bc elementor-widget elementor-widget-text-editor\" data-id=\"5cab8bc\" data-element_type=\"widget\" data-widget_type=\"text-editor.default\">\n\t\t\t\t<div class=\"elementor-widget-container\">\n\t\t\t\t\t\t\t<p>Over the past decade, reports published by international institutions, point to a significant decline in the number of countries living in democracy, as well as the increasing decline in the quality of democracy. These trends have deepened, worldwide, with the outbreak of the pandemic at the end of 2019.<\/p><p>Under the pretext of controlling the pandemic, governments and authorities prevented peaceful protests, persecuted media outlets and critics of democratic regimes, and enacted laws aimed at limiting civil rights. Censorship of information and misinformation also grew with the pandemic, with a number of authoritarian, but also democratic governments passing legislation to impose &#8220;controls\/limits&#8221; on information.<\/p><p>In certain democratic regimes there has been an attempt to devalue the disease and its spread, as happened at the beginning of the pandemic in the UK, in times of Brexit and Boris Johnson, in Brazil with Bolsonaro, in Indonesia with Duterte, and in the US with Trump. These rulers built a strongly populist and nationalist discourse, supported by social media, in order to justify the choices made that tended to downplay the severity of the disease at the expense of fundamental freedoms and the functioning of the economy.<\/p><p>In contrast, autocratic and, at the same time, collectivist-oriented governments, such as China or Singapore, took not only drastic measures of confinement, but also aggressive public health policies that, ignoring civil rights and liberties, proved to be more effective in the short and medium term in containing the pandemic.<\/p><p>This line of research integrates all works and projects that have this theme as an objective of analysis.<\/p>\t\t\t\t\t\t<\/div>\n\t\t\t\t<\/div>\n\t\t\t\t\t<\/div>\n\t\t<\/div>\n\t\t\t\t\t\t\t<\/div>\n\t\t<\/section>\n\t\t\t\t\t\t<\/div>\n\t\t\t\t\t<\/div>\n\t\t","protected":false},"excerpt":{"rendered":"<p>Research Line: Populism and Pandemics Over the past decade, reports published by international institutions, point to a significant decline in the number of [&hellip;]<\/p>\n","protected":false},"author":1,"featured_media":330,"parent":108,"menu_order":0,"comment_status":"closed","ping_status":"closed","template":"","meta":{"_monsterinsights_skip_tracking":false,"_monsterinsights_sitenote_active":false,"_monsterinsights_sitenote_note":"","_monsterinsights_sitenote_category":0},"yoast_head":"<!-- This site is optimized with the Yoast SEO plugin v17.6 - https:\/\/yoast.com\/wordpress\/plugins\/seo\/ -->\n<meta name=\"robots\" content=\"index, follow, max-snippet:-1, max-image-preview:large, max-video-preview:-1\" \/>\n<link rel=\"canonical\" href=\"https:\/\/observatoriodopopulismo.com\/en\/lines-of-research\/populism-and-pandemic\/\" \/>\n<meta name=\"twitter:label1\" content=\"Est. reading time\" \/>\n\t<meta name=\"twitter:data1\" content=\"2 minutes\" \/>\n<script type=\"application\/ld+json\" class=\"yoast-schema-graph\">{\"@context\":\"https:\/\/schema.org\",\"@graph\":[{\"@type\":\"WebSite\",\"@id\":\"https:\/\/observatoriodopopulismo.com\/#website\",\"url\":\"https:\/\/observatoriodopopulismo.com\/\",\"name\":\"Observat\\u00f3rio do Populismo do S\\u00e9culo XXI\",\"description\":\"Centro de estudo do fen\\u00f4meno do populismo a partir de suas rela\\u00e7\\u00f5es midi\\u00e1ticas em diferentes pa\\u00edses\",\"potentialAction\":[{\"@type\":\"SearchAction\",\"target\":{\"@type\":\"EntryPoint\",\"urlTemplate\":\"https:\/\/observatoriodopopulismo.com\/?s={search_term_string}\"},\"query-input\":\"required name=search_term_string\"}],\"inLanguage\":\"en-US\"},{\"@type\":\"ImageObject\",\"@id\":\"https:\/\/observatoriodopopulismo.com\/en\/lines-of-research\/populism-and-pandemic\/#primaryimage\",\"inLanguage\":\"en-US\",\"url\":\"https:\/\/observatoriodopopulismo.com\/wp-content\/uploads\/2021\/10\/BBVA-OpenMind-Perplejidad-Muller-4.jpg\",\"contentUrl\":\"https:\/\/observatoriodopopulismo.com\/wp-content\/uploads\/2021\/10\/BBVA-OpenMind-Perplejidad-Muller-4.jpg\",\"width\":1755,\"height\":600},{\"@type\":\"WebPage\",\"@id\":\"https:\/\/observatoriodopopulismo.com\/en\/lines-of-research\/populism-and-pandemic\/#webpage\",\"url\":\"https:\/\/observatoriodopopulismo.com\/en\/lines-of-research\/populism-and-pandemic\/\",\"name\":\"Populism and Pandemic - Observat\\u00f3rio do Populismo do S\\u00e9culo XXI\",\"isPartOf\":{\"@id\":\"https:\/\/observatoriodopopulismo.com\/#website\"},\"primaryImageOfPage\":{\"@id\":\"https:\/\/observatoriodopopulismo.com\/en\/lines-of-research\/populism-and-pandemic\/#primaryimage\"},\"datePublished\":\"2021-09-01T22:53:46+00:00\",\"dateModified\":\"2021-11-02T22:16:43+00:00\",\"breadcrumb\":{\"@id\":\"https:\/\/observatoriodopopulismo.com\/en\/lines-of-research\/populism-and-pandemic\/#breadcrumb\"},\"inLanguage\":\"en-US\",\"potentialAction\":[{\"@type\":\"ReadAction\",\"target\":[\"https:\/\/observatoriodopopulismo.com\/en\/lines-of-research\/populism-and-pandemic\/\"]}]},{\"@type\":\"BreadcrumbList\",\"@id\":\"https:\/\/observatoriodopopulismo.com\/en\/lines-of-research\/populism-and-pandemic\/#breadcrumb\",\"itemListElement\":[{\"@type\":\"ListItem\",\"position\":1,\"name\":\"Home\",\"item\":\"https:\/\/observatoriodopopulismo.com\/en\/\"},{\"@type\":\"ListItem\",\"position\":2,\"name\":\"Lines of Research\",\"item\":\"https:\/\/observatoriodopopulismo.com\/en\/lines-of-research\/\"},{\"@type\":\"ListItem\",\"position\":3,\"name\":\"Populism and Pandemic\"}]}]}<\/script>\n<!-- \/ Yoast SEO plugin. -->","yoast_head_json":{"robots":{"index":"index","follow":"follow","max-snippet":"max-snippet:-1","max-image-preview":"max-image-preview:large","max-video-preview":"max-video-preview:-1"},"canonical":"https:\/\/observatoriodopopulismo.com\/en\/lines-of-research\/populism-and-pandemic\/","twitter_misc":{"Est. reading time":"2 minutes"},"schema":{"@context":"https:\/\/schema.org","@graph":[{"@type":"WebSite","@id":"https:\/\/observatoriodopopulismo.com\/#website","url":"https:\/\/observatoriodopopulismo.com\/","name":"Observat\u00f3rio do Populismo do S\u00e9culo XXI","description":"Centro de estudo do fen\u00f4meno do populismo a partir de suas rela\u00e7\u00f5es midi\u00e1ticas em diferentes pa\u00edses","potentialAction":[{"@type":"SearchAction","target":{"@type":"EntryPoint","urlTemplate":"https:\/\/observatoriodopopulismo.com\/?s={search_term_string}"},"query-input":"required name=search_term_string"}],"inLanguage":"en-US"},{"@type":"ImageObject","@id":"https:\/\/observatoriodopopulismo.com\/en\/lines-of-research\/populism-and-pandemic\/#primaryimage","inLanguage":"en-US","url":"https:\/\/observatoriodopopulismo.com\/wp-content\/uploads\/2021\/10\/BBVA-OpenMind-Perplejidad-Muller-4.jpg","contentUrl":"https:\/\/observatoriodopopulismo.com\/wp-content\/uploads\/2021\/10\/BBVA-OpenMind-Perplejidad-Muller-4.jpg","width":1755,"height":600},{"@type":"WebPage","@id":"https:\/\/observatoriodopopulismo.com\/en\/lines-of-research\/populism-and-pandemic\/#webpage","url":"https:\/\/observatoriodopopulismo.com\/en\/lines-of-research\/populism-and-pandemic\/","name":"Populism and Pandemic - Observat\u00f3rio do Populismo do S\u00e9culo XXI","isPartOf":{"@id":"https:\/\/observatoriodopopulismo.com\/#website"},"primaryImageOfPage":{"@id":"https:\/\/observatoriodopopulismo.com\/en\/lines-of-research\/populism-and-pandemic\/#primaryimage"},"datePublished":"2021-09-01T22:53:46+00:00","dateModified":"2021-11-02T22:16:43+00:00","breadcrumb":{"@id":"https:\/\/observatoriodopopulismo.com\/en\/lines-of-research\/populism-and-pandemic\/#breadcrumb"},"inLanguage":"en-US","potentialAction":[{"@type":"ReadAction","target":["https:\/\/observatoriodopopulismo.com\/en\/lines-of-research\/populism-and-pandemic\/"]}]},{"@type":"BreadcrumbList","@id":"https:\/\/observatoriodopopulismo.com\/en\/lines-of-research\/populism-and-pandemic\/#breadcrumb","itemListElement":[{"@type":"ListItem","position":1,"name":"Home","item":"https:\/\/observatoriodopopulismo.com\/en\/"},{"@type":"ListItem","position":2,"name":"Lines of Research","item":"https:\/\/observatoriodopopulismo.com\/en\/lines-of-research\/"},{"@type":"ListItem","position":3,"name":"Populism and Pandemic"}]}]}},"_links":{"self":[{"href":"https:\/\/observatoriodopopulismo.com\/en\/wp-json\/wp\/v2\/pages\/110"}],"collection":[{"href":"https:\/\/observatoriodopopulismo.com\/en\/wp-json\/wp\/v2\/pages"}],"about":[{"href":"https:\/\/observatoriodopopulismo.com\/en\/wp-json\/wp\/v2\/types\/page"}],"author":[{"embeddable":true,"href":"https:\/\/observatoriodopopulismo.com\/en\/wp-json\/wp\/v2\/users\/1"}],"replies":[{"embeddable":true,"href":"https:\/\/observatoriodopopulismo.com\/en\/wp-json\/wp\/v2\/comments?post=110"}],"version-history":[{"count":9,"href":"https:\/\/observatoriodopopulismo.com\/en\/wp-json\/wp\/v2\/pages\/110\/revisions"}],"predecessor-version":[{"id":1780,"href":"https:\/\/observatoriodopopulismo.com\/en\/wp-json\/wp\/v2\/pages\/110\/revisions\/1780"}],"up":[{"embeddable":true,"href":"https:\/\/observatoriodopopulismo.com\/en\/wp-json\/wp\/v2\/pages\/108"}],"wp:featuredmedia":[{"embeddable":true,"href":"https:\/\/observatoriodopopulismo.com\/en\/wp-json\/wp\/v2\/media\/330"}],"wp:attachment":[{"href":"https:\/\/observatoriodopopulismo.com\/en\/wp-json\/wp\/v2\/media?parent=110"}],"curies":[{"name":"wp","href":"https:\/\/api.w.org\/{rel}","templated":true}]}}