{"id":109,"date":"2021-09-01T19:53:19","date_gmt":"2021-09-01T22:53:19","guid":{"rendered":"https:\/\/observatoriodopopulismo.com\/lines-of-research\/media-and-populism\/"},"modified":"2021-11-02T19:11:17","modified_gmt":"2021-11-02T22:11:17","slug":"media-and-populism","status":"publish","type":"page","link":"https:\/\/observatoriodopopulismo.com\/en\/lines-of-research\/media-and-populism\/","title":{"rendered":"Media and Populism"},"content":{"rendered":"\t\t<div data-elementor-type=\"wp-page\" data-elementor-id=\"109\" class=\"elementor elementor-109 elementor-68\" data-elementor-settings=\"[]\">\n\t\t\t\t\t\t\t<div class=\"elementor-section-wrap\">\n\t\t\t\t\t\t\t<section class=\"elementor-section elementor-top-section elementor-element elementor-element-9e52825 elementor-section-boxed elementor-section-height-default elementor-section-height-default\" data-id=\"9e52825\" data-element_type=\"section\">\n\t\t\t\t\t\t<div class=\"elementor-container elementor-column-gap-default\">\n\t\t\t\t\t<div class=\"elementor-column elementor-col-100 elementor-top-column elementor-element elementor-element-49dd4d0\" data-id=\"49dd4d0\" data-element_type=\"column\">\n\t\t\t<div class=\"elementor-widget-wrap elementor-element-populated\">\n\t\t\t\t\t\t\t\t<div class=\"elementor-element elementor-element-a6cd72b elementor-widget elementor-widget-heading\" data-id=\"a6cd72b\" data-element_type=\"widget\" data-widget_type=\"heading.default\">\n\t\t\t\t<div class=\"elementor-widget-container\">\n\t\t\t<h2 class=\"elementor-heading-title elementor-size-default\">Research Line: Populism and the Media<\/h2>\t\t<\/div>\n\t\t\t\t<\/div>\n\t\t\t\t\t<\/div>\n\t\t<\/div>\n\t\t\t\t\t\t\t<\/div>\n\t\t<\/section>\n\t\t\t\t<section class=\"elementor-section elementor-top-section elementor-element elementor-element-88a4e06 elementor-section-boxed elementor-section-height-default elementor-section-height-default\" data-id=\"88a4e06\" data-element_type=\"section\">\n\t\t\t\t\t\t<div class=\"elementor-container elementor-column-gap-default\">\n\t\t\t\t\t<div class=\"elementor-column elementor-col-100 elementor-top-column elementor-element elementor-element-64f2e04\" data-id=\"64f2e04\" data-element_type=\"column\">\n\t\t\t<div class=\"elementor-widget-wrap elementor-element-populated\">\n\t\t\t\t\t\t\t\t<div class=\"elementor-element elementor-element-9f6c0ae elementor-widget elementor-widget-text-editor\" data-id=\"9f6c0ae\" data-element_type=\"widget\" data-widget_type=\"text-editor.default\">\n\t\t\t\t<div class=\"elementor-widget-container\">\n\t\t\t\t\t\t\t<p>In the last decade, we have witnessed the emergence of populist governments, in several countries around the world, which challenge the rules of liberal democracy, especially regarding individual freedoms, freedom of speech and of the press.<\/p><p>These are populist governments of an authoritarian nature, which have been installed, often after free elections, followed by attempted constitutional changes aimed at perpetuating leaders in power and conditioning rights in the field of individual liberties and human rights. Contemporary populisms, or neo-populisms, adopt an attitude of contestation to democratic values &#8211; such as the rule of law, pluralism, freedom of expression and communication, and human rights &#8211; and to their mediating and regulating institutions.<\/p><p>In this group of populist agents are the modern authoritarian populisms, embodied by leaders who are, or have been, in power, such as Donald Trump (United States), Jair Bolsonaro (Brazil), Recep Erdogan (Turkey), Viktor Orb\u00e1n (Hungary), Rodrigo Duterte(Philippines), Matteo Salvini (Italy), as well as others in the consolidation phase, such as Marine Le Pen (France), Andr\u00e9 Ventura (Portugal) or Santiago Abascal (Spain).<\/p><p>This line of research integrates all the works and projects that develop, in a central way, this thematic, relating populism with the role of the media, of the information and communication technologies and of the social networks.<\/p>\t\t\t\t\t\t<\/div>\n\t\t\t\t<\/div>\n\t\t\t\t\t<\/div>\n\t\t<\/div>\n\t\t\t\t\t\t\t<\/div>\n\t\t<\/section>\n\t\t\t\t\t\t<\/div>\n\t\t\t\t\t<\/div>\n\t\t","protected":false},"excerpt":{"rendered":"<p>Research Line: Populism and the Media In the last decade, we have witnessed the emergence of populist governments, in several countries around the [&hellip;]<\/p>\n","protected":false},"author":1,"featured_media":330,"parent":108,"menu_order":0,"comment_status":"closed","ping_status":"closed","template":"","meta":{"_monsterinsights_skip_tracking":false,"_monsterinsights_sitenote_active":false,"_monsterinsights_sitenote_note":"","_monsterinsights_sitenote_category":0},"yoast_head":"<!-- This site is optimized with the Yoast SEO plugin v17.6 - https:\/\/yoast.com\/wordpress\/plugins\/seo\/ -->\n<meta name=\"robots\" content=\"index, follow, max-snippet:-1, max-image-preview:large, max-video-preview:-1\" \/>\n<link rel=\"canonical\" href=\"https:\/\/observatoriodopopulismo.com\/en\/lines-of-research\/media-and-populism\/\" \/>\n<meta name=\"twitter:label1\" content=\"Est. reading time\" \/>\n\t<meta name=\"twitter:data1\" content=\"1 minute\" \/>\n<script type=\"application\/ld+json\" class=\"yoast-schema-graph\">{\"@context\":\"https:\/\/schema.org\",\"@graph\":[{\"@type\":\"WebSite\",\"@id\":\"https:\/\/observatoriodopopulismo.com\/#website\",\"url\":\"https:\/\/observatoriodopopulismo.com\/\",\"name\":\"Observat\\u00f3rio do Populismo do S\\u00e9culo XXI\",\"description\":\"Centro de estudo do fen\\u00f4meno do populismo a partir de suas rela\\u00e7\\u00f5es midi\\u00e1ticas em diferentes pa\\u00edses\",\"potentialAction\":[{\"@type\":\"SearchAction\",\"target\":{\"@type\":\"EntryPoint\",\"urlTemplate\":\"https:\/\/observatoriodopopulismo.com\/?s={search_term_string}\"},\"query-input\":\"required name=search_term_string\"}],\"inLanguage\":\"en-US\"},{\"@type\":\"ImageObject\",\"@id\":\"https:\/\/observatoriodopopulismo.com\/en\/lines-of-research\/media-and-populism\/#primaryimage\",\"inLanguage\":\"en-US\",\"url\":\"https:\/\/observatoriodopopulismo.com\/wp-content\/uploads\/2021\/10\/BBVA-OpenMind-Perplejidad-Muller-4.jpg\",\"contentUrl\":\"https:\/\/observatoriodopopulismo.com\/wp-content\/uploads\/2021\/10\/BBVA-OpenMind-Perplejidad-Muller-4.jpg\",\"width\":1755,\"height\":600},{\"@type\":\"WebPage\",\"@id\":\"https:\/\/observatoriodopopulismo.com\/en\/lines-of-research\/media-and-populism\/#webpage\",\"url\":\"https:\/\/observatoriodopopulismo.com\/en\/lines-of-research\/media-and-populism\/\",\"name\":\"Media and Populism - Observat\\u00f3rio do Populismo do S\\u00e9culo XXI\",\"isPartOf\":{\"@id\":\"https:\/\/observatoriodopopulismo.com\/#website\"},\"primaryImageOfPage\":{\"@id\":\"https:\/\/observatoriodopopulismo.com\/en\/lines-of-research\/media-and-populism\/#primaryimage\"},\"datePublished\":\"2021-09-01T22:53:19+00:00\",\"dateModified\":\"2021-11-02T22:11:17+00:00\",\"breadcrumb\":{\"@id\":\"https:\/\/observatoriodopopulismo.com\/en\/lines-of-research\/media-and-populism\/#breadcrumb\"},\"inLanguage\":\"en-US\",\"potentialAction\":[{\"@type\":\"ReadAction\",\"target\":[\"https:\/\/observatoriodopopulismo.com\/en\/lines-of-research\/media-and-populism\/\"]}]},{\"@type\":\"BreadcrumbList\",\"@id\":\"https:\/\/observatoriodopopulismo.com\/en\/lines-of-research\/media-and-populism\/#breadcrumb\",\"itemListElement\":[{\"@type\":\"ListItem\",\"position\":1,\"name\":\"Home\",\"item\":\"https:\/\/observatoriodopopulismo.com\/en\/\"},{\"@type\":\"ListItem\",\"position\":2,\"name\":\"Lines of Research\",\"item\":\"https:\/\/observatoriodopopulismo.com\/en\/lines-of-research\/\"},{\"@type\":\"ListItem\",\"position\":3,\"name\":\"Media and Populism\"}]}]}<\/script>\n<!-- \/ Yoast SEO plugin. -->","yoast_head_json":{"robots":{"index":"index","follow":"follow","max-snippet":"max-snippet:-1","max-image-preview":"max-image-preview:large","max-video-preview":"max-video-preview:-1"},"canonical":"https:\/\/observatoriodopopulismo.com\/en\/lines-of-research\/media-and-populism\/","twitter_misc":{"Est. reading time":"1 minute"},"schema":{"@context":"https:\/\/schema.org","@graph":[{"@type":"WebSite","@id":"https:\/\/observatoriodopopulismo.com\/#website","url":"https:\/\/observatoriodopopulismo.com\/","name":"Observat\u00f3rio do Populismo do S\u00e9culo XXI","description":"Centro de estudo do fen\u00f4meno do populismo a partir de suas rela\u00e7\u00f5es midi\u00e1ticas em diferentes pa\u00edses","potentialAction":[{"@type":"SearchAction","target":{"@type":"EntryPoint","urlTemplate":"https:\/\/observatoriodopopulismo.com\/?s={search_term_string}"},"query-input":"required name=search_term_string"}],"inLanguage":"en-US"},{"@type":"ImageObject","@id":"https:\/\/observatoriodopopulismo.com\/en\/lines-of-research\/media-and-populism\/#primaryimage","inLanguage":"en-US","url":"https:\/\/observatoriodopopulismo.com\/wp-content\/uploads\/2021\/10\/BBVA-OpenMind-Perplejidad-Muller-4.jpg","contentUrl":"https:\/\/observatoriodopopulismo.com\/wp-content\/uploads\/2021\/10\/BBVA-OpenMind-Perplejidad-Muller-4.jpg","width":1755,"height":600},{"@type":"WebPage","@id":"https:\/\/observatoriodopopulismo.com\/en\/lines-of-research\/media-and-populism\/#webpage","url":"https:\/\/observatoriodopopulismo.com\/en\/lines-of-research\/media-and-populism\/","name":"Media and Populism - Observat\u00f3rio do Populismo do S\u00e9culo XXI","isPartOf":{"@id":"https:\/\/observatoriodopopulismo.com\/#website"},"primaryImageOfPage":{"@id":"https:\/\/observatoriodopopulismo.com\/en\/lines-of-research\/media-and-populism\/#primaryimage"},"datePublished":"2021-09-01T22:53:19+00:00","dateModified":"2021-11-02T22:11:17+00:00","breadcrumb":{"@id":"https:\/\/observatoriodopopulismo.com\/en\/lines-of-research\/media-and-populism\/#breadcrumb"},"inLanguage":"en-US","potentialAction":[{"@type":"ReadAction","target":["https:\/\/observatoriodopopulismo.com\/en\/lines-of-research\/media-and-populism\/"]}]},{"@type":"BreadcrumbList","@id":"https:\/\/observatoriodopopulismo.com\/en\/lines-of-research\/media-and-populism\/#breadcrumb","itemListElement":[{"@type":"ListItem","position":1,"name":"Home","item":"https:\/\/observatoriodopopulismo.com\/en\/"},{"@type":"ListItem","position":2,"name":"Lines of Research","item":"https:\/\/observatoriodopopulismo.com\/en\/lines-of-research\/"},{"@type":"ListItem","position":3,"name":"Media and Populism"}]}]}},"_links":{"self":[{"href":"https:\/\/observatoriodopopulismo.com\/en\/wp-json\/wp\/v2\/pages\/109"}],"collection":[{"href":"https:\/\/observatoriodopopulismo.com\/en\/wp-json\/wp\/v2\/pages"}],"about":[{"href":"https:\/\/observatoriodopopulismo.com\/en\/wp-json\/wp\/v2\/types\/page"}],"author":[{"embeddable":true,"href":"https:\/\/observatoriodopopulismo.com\/en\/wp-json\/wp\/v2\/users\/1"}],"replies":[{"embeddable":true,"href":"https:\/\/observatoriodopopulismo.com\/en\/wp-json\/wp\/v2\/comments?post=109"}],"version-history":[{"count":6,"href":"https:\/\/observatoriodopopulismo.com\/en\/wp-json\/wp\/v2\/pages\/109\/revisions"}],"predecessor-version":[{"id":1771,"href":"https:\/\/observatoriodopopulismo.com\/en\/wp-json\/wp\/v2\/pages\/109\/revisions\/1771"}],"up":[{"embeddable":true,"href":"https:\/\/observatoriodopopulismo.com\/en\/wp-json\/wp\/v2\/pages\/108"}],"wp:featuredmedia":[{"embeddable":true,"href":"https:\/\/observatoriodopopulismo.com\/en\/wp-json\/wp\/v2\/media\/330"}],"wp:attachment":[{"href":"https:\/\/observatoriodopopulismo.com\/en\/wp-json\/wp\/v2\/media?parent=109"}],"curies":[{"name":"wp","href":"https:\/\/api.w.org\/{rel}","templated":true}]}}